{"id":2331,"date":"2023-03-21T18:30:33","date_gmt":"2023-03-21T17:30:33","guid":{"rendered":"https:\/\/donatogiangirolami.it\/prodotto\/rosi\/"},"modified":"2024-01-23T16:52:19","modified_gmt":"2024-01-23T15:52:19","slug":"rosi","status":"publish","type":"product","link":"https:\/\/donatogiangirolami.it\/en\/product\/rosi\/","title":{"rendered":"Ros\u00ec"},"content":{"rendered":"<p>Ros\u00ec is a fresh and pleasant ros\u00e9 wine made from Montepulciano grapes cultivated in the Ninfa area of Lazio. With its bright pink colour, it has an intense bouquet of strawberries and cherries, accompanied by spicy and floral notes. It&#8217;s savoury and tangy on the palate, with a clean and persistent finish. Perfect for summer and highly versatile, it pairs well with seafood, white meats, fresh cheeses, and grilled vegetables. Ros\u00ec is a tribute to our beloved little dog Rosina.<\/p>\n","protected":false},"excerpt":{"rendered":"<p>A fresh and luminous pink trail<\/p>\n","protected":false},"featured_media":2111,"template":"","meta":{"_acf_changed":false},"product_brand":[],"product_cat":[51],"product_tag":[],"class_list":{"0":"post-2331","1":"product","2":"type-product","3":"status-publish","4":"has-post-thumbnail","6":"product_cat-rose-wines","8":"first","9":"instock","10":"shipping-taxable","11":"product-type-simple"},"acf":[],"yoast_head":"<!-- This site is optimized with the Yoast SEO plugin v24.3 - https:\/\/yoast.com\/wordpress\/plugins\/seo\/ -->\n<title>Ros\u00ec - Donato Giangirolami<\/title>\n<meta name=\"robots\" content=\"index, follow, max-snippet:-1, max-image-preview:large, max-video-preview:-1\" \/>\n<link rel=\"canonical\" href=\"https:\/\/donatogiangirolami.it\/en\/product\/rosi\/\" \/>\n<meta property=\"og:locale\" content=\"en_US\" \/>\n<meta property=\"og:type\" content=\"article\" \/>\n<meta property=\"og:title\" content=\"Ros\u00ec - Donato Giangirolami\" \/>\n<meta property=\"og:description\" content=\"A fresh and luminous pink trail\" \/>\n<meta property=\"og:url\" content=\"https:\/\/donatogiangirolami.it\/en\/product\/rosi\/\" \/>\n<meta property=\"og:site_name\" content=\"Donato Giangirolami\" \/>\n<meta property=\"article:publisher\" content=\"https:\/\/www.facebook.com\/AziendaAgricolaDonatoGiangirolami\" \/>\n<meta property=\"article:modified_time\" content=\"2024-01-23T15:52:19+00:00\" \/>\n<meta property=\"og:image\" content=\"http:\/\/donatogiangirolami.it\/wp-content\/uploads\/2023\/04\/GNG_THUMB-SQ-PNG_Rosi.png\" \/>\n\t<meta property=\"og:image:width\" content=\"1000\" \/>\n\t<meta property=\"og:image:height\" content=\"1000\" \/>\n\t<meta property=\"og:image:type\" content=\"image\/png\" \/>\n<meta name=\"twitter:card\" content=\"summary_large_image\" \/>\n<meta name=\"twitter:label1\" content=\"Est. reading time\" \/>\n\t<meta name=\"twitter:data1\" content=\"1 minute\" \/>\n<script type=\"application\/ld+json\" class=\"yoast-schema-graph\">{\"@context\":\"https:\/\/schema.org\",\"@graph\":[{\"@type\":\"WebPage\",\"@id\":\"https:\/\/donatogiangirolami.it\/en\/product\/rosi\/\",\"url\":\"https:\/\/donatogiangirolami.it\/en\/product\/rosi\/\",\"name\":\"Ros\u00ec - Donato Giangirolami\",\"isPartOf\":{\"@id\":\"https:\/\/donatogiangirolami.it\/en\/#website\"},\"primaryImageOfPage\":{\"@id\":\"https:\/\/donatogiangirolami.it\/en\/product\/rosi\/#primaryimage\"},\"image\":{\"@id\":\"https:\/\/donatogiangirolami.it\/en\/product\/rosi\/#primaryimage\"},\"thumbnailUrl\":\"https:\/\/donatogiangirolami.it\/wp-content\/uploads\/2023\/04\/GNG_THUMB-SQ-PNG_Rosi.png\",\"datePublished\":\"2023-03-21T17:30:33+00:00\",\"dateModified\":\"2024-01-23T15:52:19+00:00\",\"breadcrumb\":{\"@id\":\"https:\/\/donatogiangirolami.it\/en\/product\/rosi\/#breadcrumb\"},\"inLanguage\":\"en-US\",\"potentialAction\":[{\"@type\":\"ReadAction\",\"target\":[\"https:\/\/donatogiangirolami.it\/en\/product\/rosi\/\"]}]},{\"@type\":\"ImageObject\",\"inLanguage\":\"en-US\",\"@id\":\"https:\/\/donatogiangirolami.it\/en\/product\/rosi\/#primaryimage\",\"url\":\"https:\/\/donatogiangirolami.it\/wp-content\/uploads\/2023\/04\/GNG_THUMB-SQ-PNG_Rosi.png\",\"contentUrl\":\"https:\/\/donatogiangirolami.it\/wp-content\/uploads\/2023\/04\/GNG_THUMB-SQ-PNG_Rosi.png\",\"width\":1000,\"height\":1000},{\"@type\":\"BreadcrumbList\",\"@id\":\"https:\/\/donatogiangirolami.it\/en\/product\/rosi\/#breadcrumb\",\"itemListElement\":[{\"@type\":\"ListItem\",\"position\":1,\"name\":\"Home\",\"item\":\"http:\/\/donatogiangirolami.it\/en\/\"},{\"@type\":\"ListItem\",\"position\":2,\"name\":\"Shop\",\"item\":\"http:\/\/donatogiangirolami.it\/shop\/\"},{\"@type\":\"ListItem\",\"position\":3,\"name\":\"Ros\u00ec\"}]},{\"@type\":\"WebSite\",\"@id\":\"https:\/\/donatogiangirolami.it\/en\/#website\",\"url\":\"https:\/\/donatogiangirolami.it\/en\/\",\"name\":\"Donato Giangirolami\",\"description\":\"Vigneti e Vini Biologici\",\"potentialAction\":[{\"@type\":\"SearchAction\",\"target\":{\"@type\":\"EntryPoint\",\"urlTemplate\":\"https:\/\/donatogiangirolami.it\/en\/?s={search_term_string}\"},\"query-input\":{\"@type\":\"PropertyValueSpecification\",\"valueRequired\":true,\"valueName\":\"search_term_string\"}}],\"inLanguage\":\"en-US\"}]}<\/script>\n<!-- \/ Yoast SEO plugin. -->","yoast_head_json":{"title":"Ros\u00ec - Donato Giangirolami","robots":{"index":"index","follow":"follow","max-snippet":"max-snippet:-1","max-image-preview":"max-image-preview:large","max-video-preview":"max-video-preview:-1"},"canonical":"https:\/\/donatogiangirolami.it\/en\/product\/rosi\/","og_locale":"en_US","og_type":"article","og_title":"Ros\u00ec - Donato Giangirolami","og_description":"A fresh and luminous pink trail","og_url":"https:\/\/donatogiangirolami.it\/en\/product\/rosi\/","og_site_name":"Donato Giangirolami","article_publisher":"https:\/\/www.facebook.com\/AziendaAgricolaDonatoGiangirolami","article_modified_time":"2024-01-23T15:52:19+00:00","og_image":[{"width":1000,"height":1000,"url":"http:\/\/donatogiangirolami.it\/wp-content\/uploads\/2023\/04\/GNG_THUMB-SQ-PNG_Rosi.png","type":"image\/png"}],"twitter_card":"summary_large_image","twitter_misc":{"Est. reading time":"1 minute"},"schema":{"@context":"https:\/\/schema.org","@graph":[{"@type":"WebPage","@id":"https:\/\/donatogiangirolami.it\/en\/product\/rosi\/","url":"https:\/\/donatogiangirolami.it\/en\/product\/rosi\/","name":"Ros\u00ec - Donato Giangirolami","isPartOf":{"@id":"https:\/\/donatogiangirolami.it\/en\/#website"},"primaryImageOfPage":{"@id":"https:\/\/donatogiangirolami.it\/en\/product\/rosi\/#primaryimage"},"image":{"@id":"https:\/\/donatogiangirolami.it\/en\/product\/rosi\/#primaryimage"},"thumbnailUrl":"https:\/\/donatogiangirolami.it\/wp-content\/uploads\/2023\/04\/GNG_THUMB-SQ-PNG_Rosi.png","datePublished":"2023-03-21T17:30:33+00:00","dateModified":"2024-01-23T15:52:19+00:00","breadcrumb":{"@id":"https:\/\/donatogiangirolami.it\/en\/product\/rosi\/#breadcrumb"},"inLanguage":"en-US","potentialAction":[{"@type":"ReadAction","target":["https:\/\/donatogiangirolami.it\/en\/product\/rosi\/"]}]},{"@type":"ImageObject","inLanguage":"en-US","@id":"https:\/\/donatogiangirolami.it\/en\/product\/rosi\/#primaryimage","url":"https:\/\/donatogiangirolami.it\/wp-content\/uploads\/2023\/04\/GNG_THUMB-SQ-PNG_Rosi.png","contentUrl":"https:\/\/donatogiangirolami.it\/wp-content\/uploads\/2023\/04\/GNG_THUMB-SQ-PNG_Rosi.png","width":1000,"height":1000},{"@type":"BreadcrumbList","@id":"https:\/\/donatogiangirolami.it\/en\/product\/rosi\/#breadcrumb","itemListElement":[{"@type":"ListItem","position":1,"name":"Home","item":"http:\/\/donatogiangirolami.it\/en\/"},{"@type":"ListItem","position":2,"name":"Shop","item":"http:\/\/donatogiangirolami.it\/shop\/"},{"@type":"ListItem","position":3,"name":"Ros\u00ec"}]},{"@type":"WebSite","@id":"https:\/\/donatogiangirolami.it\/en\/#website","url":"https:\/\/donatogiangirolami.it\/en\/","name":"Donato Giangirolami","description":"Vigneti e Vini Biologici","potentialAction":[{"@type":"SearchAction","target":{"@type":"EntryPoint","urlTemplate":"https:\/\/donatogiangirolami.it\/en\/?s={search_term_string}"},"query-input":{"@type":"PropertyValueSpecification","valueRequired":true,"valueName":"search_term_string"}}],"inLanguage":"en-US"}]}},"_links":{"self":[{"href":"https:\/\/donatogiangirolami.it\/en\/wp-json\/wp\/v2\/product\/2331","targetHints":{"allow":["GET"]}}],"collection":[{"href":"https:\/\/donatogiangirolami.it\/en\/wp-json\/wp\/v2\/product"}],"about":[{"href":"https:\/\/donatogiangirolami.it\/en\/wp-json\/wp\/v2\/types\/product"}],"wp:featuredmedia":[{"embeddable":true,"href":"https:\/\/donatogiangirolami.it\/en\/wp-json\/wp\/v2\/media\/2111"}],"wp:attachment":[{"href":"https:\/\/donatogiangirolami.it\/en\/wp-json\/wp\/v2\/media?parent=2331"}],"wp:term":[{"taxonomy":"product_brand","embeddable":true,"href":"https:\/\/donatogiangirolami.it\/en\/wp-json\/wp\/v2\/product_brand?post=2331"},{"taxonomy":"product_cat","embeddable":true,"href":"https:\/\/donatogiangirolami.it\/en\/wp-json\/wp\/v2\/product_cat?post=2331"},{"taxonomy":"product_tag","embeddable":true,"href":"https:\/\/donatogiangirolami.it\/en\/wp-json\/wp\/v2\/product_tag?post=2331"}],"curies":[{"name":"wp","href":"https:\/\/api.w.org\/{rel}","templated":true}]}}